{"id":10,"date":"2015-07-30T11:53:41","date_gmt":"2015-07-30T09:53:41","guid":{"rendered":"http:\/\/laerkehoej.dk\/?page_id=10"},"modified":"2024-03-21T12:27:13","modified_gmt":"2024-03-21T11:27:13","slug":"kontakt","status":"publish","type":"page","link":"https:\/\/www.laerkehoej.dk\/?page_id=10","title":{"rendered":"Kontakt os"},"content":{"rendered":"<div class=\"wpb-content-wrapper\">[vc_row][vc_column][vc_gmaps link=&#8221;#E-8_JTNDaWZyYW1lJTIwc3JjJTNEJTIyaHR0cHMlM0ElMkYlMkZ3d3cuZ29vZ2xlLmNvbSUyRm1hcHMlMkZlbWJlZCUzRnBiJTNEJTIxMW0xOCUyMTFtMTIlMjExbTMlMjExZDIyNDkuNDc5NzIxNDA1NzAwNyUyMTJkMTIuNTE3NTE2MDAwMDAwMDElMjEzZDU1LjY4MDY0NzAwMDAwMDAxJTIxMm0zJTIxMWYwJTIxMmYwJTIxM2YwJTIxM20yJTIxMWkxMDI0JTIxMmk3NjglMjE0ZjEzLjElMjEzbTMlMjExbTIlMjExczB4NDY1MjUzYzBkZDA3ODgwNSUyNTNBMHhmNzU0MjJlZDBmZTU2NWUwJTIxMnNMaW5kZXZhbmdzJTJCQWxsZSUyQjklMjUyQyUyQjIwMDAlMkJGcmVkZXJpa3NiZXJnJTIxNWUwJTIxM20yJTIxMXNkYSUyMTJzZGslMjE0djE0MzkzNzEyMTE5MjMlMjIlMjB3aWR0aCUzRCUyMjYwMCUyMiUyMGhlaWdodCUzRCUyMjQ1MCUyMiUyMGZyYW1lYm9yZGVyJTNEJTIyMCUyMiUyMHN0eWxlJTNEJTIyYm9yZGVyJTNBMCUyMiUyMGFsbG93ZnVsbHNjcmVlbiUzRSUzQyUyRmlmcmFtZSUzRQ==&#8221;][vc_row_inner][vc_column_inner][vc_column_text][vcex_spacing size=&#8221;30px&#8221;]\n<p><strong>Herberget L\u00e6rkeh\u00f8j<\/strong><\/p>\n<p>Lindevangs All\u00e9 9, 2000 Frederiksberg.<br \/>\nBuslinjerne 4A,\u00a09A, 31\u00a0og\u00a034 stopper i n\u00e6rheden af L\u00e6rkeh\u00f8j. Metrostationen Fasanvej ligger 250 meter v\u00e6k.<\/p>\n<p>E-mail: sikkermail@laerkehoej.dk<br \/>\nTelefon hele d\u00f8gnet: 38 32 32 00<\/p>\n<p>Se alle medarbejderes kontaktoplysninger <a href=\"https:\/\/www.laerkehoej.dk\/?page_id=40\">her<\/a>.<\/p>\n<p>L\u00e6rkeh\u00f8js kontor er \u00e5bent:<br \/>\nmandag &#8211; torsdag kl. 8 &#8211; 15.<br \/>\nfredag kl. 8 &#8211; 14.<br \/>\nAlle dage er der dog lukket fra kl. 9.15 &#8211; 9.45 og fra kl. 12 &#8211; 13.<\/p>\n<p>Kontoret er lukket i weekenden.<\/p>\n<p>\u00c5bningstider for <a href=\"https:\/\/www.laerkehoej.dk\/?page_id=339\">Natvarmestuen<\/a>.[\/vc_column_text][\/vc_column_inner][\/vc_row_inner][\/vc_column][\/vc_row][vc_row][vc_column width=&#8221;1\/2&#8243;][\/vc_column][vc_column width=&#8221;1\/2&#8243;][\/vc_column][\/vc_row][vc_row][vc_column][\/vc_column][\/vc_row]\n<\/div>","protected":false},"excerpt":{"rendered":"<p>[vc_row][vc_column][vc_gmaps link=&#8221;#E-8_JTNDaWZyYW1lJTIwc3JjJTNEJTIyaHR0cHMlM0ElMkYlMkZ3d3cuZ29vZ2xlLmNvbSUyRm1hcHMlMkZlbWJlZCUzRnBiJTNEJTIxMW0xOCUyMTFtMTIlMjExbTMlMjExZDIyNDkuNDc5NzIxNDA1NzAwNyUyMTJkMTIuNTE3NTE2MDAwMDAwMDElMjEzZDU1LjY4MDY0NzAwMDAwMDAxJTIxMm0zJTIxMWYwJTIxMmYwJTIxM2YwJTIxM20yJTIxMWkxMDI0JTIxMmk3NjglMjE0ZjEzLjElMjEzbTMlMjExbTIlMjExczB4NDY1MjUzYzBkZDA3ODgwNSUyNTNBMHhmNzU0MjJlZDBmZTU2NWUwJTIxMnNMaW5kZXZhbmdzJTJCQWxsZSUyQjklMjUyQyUyQjIwMDAlMkJGcmVkZXJpa3NiZXJnJTIxNWUwJTIxM20yJTIxMXNkYSUyMTJzZGslMjE0djE0MzkzNzEyMTE5MjMlMjIlMjB3aWR0aCUzRCUyMjYwMCUyMiUyMGhlaWdodCUzRCUyMjQ1MCUyMiUyMGZyYW1lYm9yZGVyJTNEJTIyMCUyMiUyMHN0eWxlJTNEJTIyYm9yZGVyJTNBMCUyMiUyMGFsbG93ZnVsbHNjcmVlbiUzRSUzQyUyRmlmcmFtZSUzRQ==&#8221;][vc_row_inner][vc_column_inner][vc_column_text][vcex_spacing size=&#8221;30px&#8221;] Herberget L\u00e6rkeh\u00f8j Lindevangs All\u00e9 9, 2000 Frederiksberg. Buslinjerne 4A,\u00a09A, 31\u00a0og\u00a034 stopper i n\u00e6rheden af L\u00e6rkeh\u00f8j. Metrostationen Fasanvej ligger 250 meter v\u00e6k. E-mail: sikkermail@laerkehoej.dk Telefon hele d\u00f8gnet: 38 32 32 00 Se alle medarbejderes kontaktoplysninger her. L\u00e6rkeh\u00f8js kontor&hellip;<\/p>\n","protected":false},"author":12,"featured_media":0,"parent":0,"menu_order":0,"comment_status":"closed","ping_status":"closed","template":"","meta":{"footnotes":""},"class_list":["post-10","page","type-page","status-publish","hentry"],"_links":{"self":[{"href":"https:\/\/www.laerkehoej.dk\/index.php?rest_route=\/wp\/v2\/pages\/10","targetHints":{"allow":["GET"]}}],"collection":[{"href":"https:\/\/www.laerkehoej.dk\/index.php?rest_route=\/wp\/v2\/pages"}],"about":[{"href":"https:\/\/www.laerkehoej.dk\/index.php?rest_route=\/wp\/v2\/types\/page"}],"author":[{"embeddable":true,"href":"https:\/\/www.laerkehoej.dk\/index.php?rest_route=\/wp\/v2\/users\/12"}],"replies":[{"embeddable":true,"href":"https:\/\/www.laerkehoej.dk\/index.php?rest_route=%2Fwp%2Fv2%2Fcomments&post=10"}],"version-history":[{"count":40,"href":"https:\/\/www.laerkehoej.dk\/index.php?rest_route=\/wp\/v2\/pages\/10\/revisions"}],"predecessor-version":[{"id":1093,"href":"https:\/\/www.laerkehoej.dk\/index.php?rest_route=\/wp\/v2\/pages\/10\/revisions\/1093"}],"wp:attachment":[{"href":"https:\/\/www.laerkehoej.dk\/index.php?rest_route=%2Fwp%2Fv2%2Fmedia&parent=10"}],"curies":[{"name":"wp","href":"https:\/\/api.w.org\/{rel}","templated":true}]}}