{"id":324,"date":"2015-07-02T14:33:49","date_gmt":"2015-07-02T12:33:49","guid":{"rendered":"http:\/\/laerkehoej.dk\/?page_id=324"},"modified":"2024-03-21T12:20:21","modified_gmt":"2024-03-21T11:20:21","slug":"herberget","status":"publish","type":"page","link":"https:\/\/www.laerkehoej.dk\/?page_id=324","title":{"rendered":"Herberget"},"content":{"rendered":"<div class=\"wpb-content-wrapper\">[vc_row full_width=&#8221;&#8221; parallax=&#8221;&#8221; parallax_image=&#8221;&#8221; visibility=&#8221;&#8221; css_animation=&#8221;&#8221; center_row=&#8221;&#8221; typography_style=&#8221;&#8221; column_spacing=&#8221;&#8221; tablet_fullwidth_cols=&#8221;&#8221; bg_style=&#8221;&#8221; parallax_mobile=&#8221;&#8221; parallax_style=&#8221;&#8221; parallax_direction=&#8221;&#8221; video_bg=&#8221;&#8221; video_bg_overlay=&#8221;&#8221; border_style=&#8221;&#8221;][vc_column width=&#8221;1\/1&#8243; style=&#8221;&#8221; visibility=&#8221;&#8221; css_animation=&#8221;&#8221; typo_style=&#8221;&#8221; drop_shadow=&#8221;&#8221; bg_style=&#8221;&#8221; border_style=&#8221;&#8221;][vc_column_text css_animation=&#8221;&#8221;]<a href=\"http:\/\/laerkehoej.dk\/wp-content\/uploads\/2015\/08\/20150108TB_Herberger07.jpg\"><img loading=\"lazy\" decoding=\"async\" class=\"alignnone wp-image-317 size-full\" src=\"http:\/\/laerkehoej.dk\/wp-content\/uploads\/2015\/08\/20150108TB_Herberger07.jpg\" alt=\"Om L\u00e6rkeh\u00f8j\" width=\"1200\" height=\"500\" srcset=\"https:\/\/www.laerkehoej.dk\/wp-content\/uploads\/2015\/08\/20150108TB_Herberger07.jpg 1200w, https:\/\/www.laerkehoej.dk\/wp-content\/uploads\/2015\/08\/20150108TB_Herberger07-300x125.jpg 300w, https:\/\/www.laerkehoej.dk\/wp-content\/uploads\/2015\/08\/20150108TB_Herberger07-1024x427.jpg 1024w\" sizes=\"auto, (max-width: 1200px) 100vw, 1200px\" \/><\/a><\/p>\n<p>Herberget L\u00e6rkeh\u00f8j er\u00a0et\u00a0midlertidigt botilbud for\u00a0hjeml\u00f8se med sv\u00e6re personlige og sociale problemer herunder misbrug og psykiske problemer.<\/p>\n<p>Herberget har\u00a032 v\u00e6relser samt et stort opholdsrum med kantine, hvor du hver dag kan f\u00e5 morgenmad, frokost og aftensmad. Morgenmaden er en del af huslejen, frokost og aftensmad kan du k\u00f8be billigt.<\/p>\n<p>Du har adgang til vaskerum, computer og et beboerk\u00f8kken, hvor du selv kan lave mad.<\/p>\n<p>Du kan f\u00e5 hj\u00e6lp og vejledning af personalet &#8211; s\u00e5 vidt muligt d\u00f8gnet rundt.\u00a0Der er ogs\u00e5 adgang til sygepleje og socialr\u00e5dgivning i dagtimerne p\u00e5 hverdage.<\/p>\n<p>Mens du bor p\u00e5 L\u00e6rkeh\u00f8j,\u00a0hj\u00e6lper\u00a0din kontaktperson\u00a0dig med\u00a0at finde en mere permanent bolig, et relevant behandlingstilbud samt andet, der kan hj\u00e6lpe\u00a0dig videre. N\u00e5r du er klar til at flytte fra L\u00e6rkeh\u00f8j, kan du f\u00e5 praktisk hj\u00e6lp til at etablere dig et nyt sted.<\/p>\n<p>Vi l\u00e6gger v\u00e6gt p\u00e5, at L\u00e6rkeh\u00f8j er et rart og roligt sted at bo og opholde sig. Vi har ikke mange, strenge regler, men vi accepterer ikke vold, trusler eller handel med stoffer.[\/vc_column_text][\/vc_column][\/vc_row]\n<\/div>","protected":false},"excerpt":{"rendered":"<p>[vc_row full_width=&#8221;&#8221; parallax=&#8221;&#8221; parallax_image=&#8221;&#8221; visibility=&#8221;&#8221; css_animation=&#8221;&#8221; center_row=&#8221;&#8221; typography_style=&#8221;&#8221; column_spacing=&#8221;&#8221; tablet_fullwidth_cols=&#8221;&#8221; bg_style=&#8221;&#8221; parallax_mobile=&#8221;&#8221; parallax_style=&#8221;&#8221; parallax_direction=&#8221;&#8221; video_bg=&#8221;&#8221; video_bg_overlay=&#8221;&#8221; border_style=&#8221;&#8221;][vc_column width=&#8221;1\/1&#8243; style=&#8221;&#8221; visibility=&#8221;&#8221; css_animation=&#8221;&#8221; typo_style=&#8221;&#8221; drop_shadow=&#8221;&#8221; bg_style=&#8221;&#8221; border_style=&#8221;&#8221;][vc_column_text css_animation=&#8221;&#8221;] Herberget L\u00e6rkeh\u00f8j er\u00a0et\u00a0midlertidigt botilbud for\u00a0hjeml\u00f8se med sv\u00e6re personlige og sociale problemer herunder misbrug og&hellip;<\/p>\n","protected":false},"author":3,"featured_media":0,"parent":0,"menu_order":0,"comment_status":"closed","ping_status":"closed","template":"","meta":{"footnotes":""},"class_list":["post-324","page","type-page","status-publish","hentry"],"_links":{"self":[{"href":"https:\/\/www.laerkehoej.dk\/index.php?rest_route=\/wp\/v2\/pages\/324","targetHints":{"allow":["GET"]}}],"collection":[{"href":"https:\/\/www.laerkehoej.dk\/index.php?rest_route=\/wp\/v2\/pages"}],"about":[{"href":"https:\/\/www.laerkehoej.dk\/index.php?rest_route=\/wp\/v2\/types\/page"}],"author":[{"embeddable":true,"href":"https:\/\/www.laerkehoej.dk\/index.php?rest_route=\/wp\/v2\/users\/3"}],"replies":[{"embeddable":true,"href":"https:\/\/www.laerkehoej.dk\/index.php?rest_route=%2Fwp%2Fv2%2Fcomments&post=324"}],"version-history":[{"count":12,"href":"https:\/\/www.laerkehoej.dk\/index.php?rest_route=\/wp\/v2\/pages\/324\/revisions"}],"predecessor-version":[{"id":1087,"href":"https:\/\/www.laerkehoej.dk\/index.php?rest_route=\/wp\/v2\/pages\/324\/revisions\/1087"}],"wp:attachment":[{"href":"https:\/\/www.laerkehoej.dk\/index.php?rest_route=%2Fwp%2Fv2%2Fmedia&parent=324"}],"curies":[{"name":"wp","href":"https:\/\/api.w.org\/{rel}","templated":true}]}}