{"id":357,"date":"2015-07-02T15:41:10","date_gmt":"2015-07-02T13:41:10","guid":{"rendered":"http:\/\/laerkehoej.dk\/?page_id=357"},"modified":"2024-03-21T12:34:12","modified_gmt":"2024-03-21T11:34:12","slug":"dagligdagen","status":"publish","type":"page","link":"https:\/\/www.laerkehoej.dk\/?page_id=357","title":{"rendered":"Dagligdagen"},"content":{"rendered":"<div style=\"position: absolute; top: -19999px; left: -19999px;\"><\/div>\n<p>Du kan selv v\u00e6lge, om du vil slappe af p\u00e5 v\u00e6relset eller dele tiden med andre i vores f\u00e6llesstue. Der er medarbejdere til stede d\u00f8gnet rundt. I tidsrummet 23.30 til 7.00 er medarbejderne dog fortrinsvis i natvarmestuen.<\/p>\n<p>L\u00e6rkeh\u00f8j er et hus, der summer af liv og aldrig sover helt.\u00a0Hverdagen har dog sine faste holdepunkter omkring m\u00e5ltiderne:<\/p>\n<p>Kl. 6: Der bliver serveret kaffe og te til morgenmennesker og natteravne.<\/p>\n<p>Kl. 8-9: Morgenmad.<\/p>\n<p>Kl. 12-13: Frokost. En varm\u00a0ret koster 20 kr. Der kan ogs\u00e5 k\u00f8bes sm\u00f8rrebr\u00f8d.<\/p>\n<p>Kl. 18-19: Aftensmad. Vi tilbyder varm mad og sm\u00f8rrebr\u00f8d ligesom til frokost.<\/p>\n<p>Man kan f\u00e5 lavet en kostordning p\u00e5 mellem 20 kr. og 50 kr. om dagen, s\u00e5 at man hver dag kan f\u00e5 et m\u00e5ltid mad. Pengene bliver herefter trukket i ens kontanthj\u00e6lp ved udgangen af hver m\u00e5ned.<\/p>\n<p>I tidsrummet kl. 8-16 er der flest medarbejdere til stede i huset.\u00a0Det drejer sig om\u00a0b\u00e5de p\u00e6dagoger, sygeplejeske, socialr\u00e5dgiver, pedel samt\u00a0k\u00f8kken- og reng\u00f8ringsmedarbejder.<\/p>\n<p>Fra kl. 16-23 er der to-tre medarbejdere til stede i huset.<\/p>\n<p>Fra kl. 23 er der tre medarbejdere i stueetagen. De tager sig is\u00e6r af Natvarmestuens brugere, men g\u00e5r runder p\u00e5 alle etager og kan ogs\u00e5 hj\u00e6lpe beboer\u00adne, hvis der opst\u00e5r\u00a0problemer.<\/p>\n","protected":false},"excerpt":{"rendered":"<p>Du kan selv v\u00e6lge, om du vil slappe af p\u00e5 v\u00e6relset eller dele tiden med andre i vores f\u00e6llesstue. Der er medarbejdere til stede d\u00f8gnet rundt. I tidsrummet 23.30 til 7.00 er medarbejderne dog fortrinsvis i natvarmestuen. L\u00e6rkeh\u00f8j er et&hellip;<\/p>\n","protected":false},"author":3,"featured_media":0,"parent":324,"menu_order":3,"comment_status":"closed","ping_status":"closed","template":"","meta":{"footnotes":""},"class_list":["post-357","page","type-page","status-publish","hentry"],"_links":{"self":[{"href":"https:\/\/www.laerkehoej.dk\/index.php?rest_route=\/wp\/v2\/pages\/357","targetHints":{"allow":["GET"]}}],"collection":[{"href":"https:\/\/www.laerkehoej.dk\/index.php?rest_route=\/wp\/v2\/pages"}],"about":[{"href":"https:\/\/www.laerkehoej.dk\/index.php?rest_route=\/wp\/v2\/types\/page"}],"author":[{"embeddable":true,"href":"https:\/\/www.laerkehoej.dk\/index.php?rest_route=\/wp\/v2\/users\/3"}],"replies":[{"embeddable":true,"href":"https:\/\/www.laerkehoej.dk\/index.php?rest_route=%2Fwp%2Fv2%2Fcomments&post=357"}],"version-history":[{"count":11,"href":"https:\/\/www.laerkehoej.dk\/index.php?rest_route=\/wp\/v2\/pages\/357\/revisions"}],"predecessor-version":[{"id":1098,"href":"https:\/\/www.laerkehoej.dk\/index.php?rest_route=\/wp\/v2\/pages\/357\/revisions\/1098"}],"up":[{"embeddable":true,"href":"https:\/\/www.laerkehoej.dk\/index.php?rest_route=\/wp\/v2\/pages\/324"}],"wp:attachment":[{"href":"https:\/\/www.laerkehoej.dk\/index.php?rest_route=%2Fwp%2Fv2%2Fmedia&parent=357"}],"curies":[{"name":"wp","href":"https:\/\/api.w.org\/{rel}","templated":true}]}}