{"id":359,"date":"2015-07-02T15:42:13","date_gmt":"2015-07-02T13:42:13","guid":{"rendered":"http:\/\/laerkehoej.dk\/?page_id=359"},"modified":"2024-03-21T12:32:13","modified_gmt":"2024-03-21T11:32:13","slug":"tilbud-under-opholdet","status":"publish","type":"page","link":"https:\/\/www.laerkehoej.dk\/?page_id=359","title":{"rendered":"Tilbud under opholdet"},"content":{"rendered":"<div style=\"position: absolute; top: -19999px;left: -19999px;\">\n<\/div>\n<p>Din tid p\u00e5 L\u00e6rkeh\u00f8j skal gerne v\u00e6re en\u00a0god oplevelse, der giver dig ro i hverdagen. Derfor tilbyder vi mad, hygge og almindelig omsorg. Du kan ogs\u00e5 altid henvende dig med sm\u00e5 som store problemer.\u00a0Der er medarbejdere\u00a0i huset d\u00f8gnet rundt, som gerne vil hj\u00e6lpe.<\/p>\n<p>Mens du bor\u00a0p\u00e5 L\u00e6rkeh\u00f8j, har vi forskellige tilbud, som\u00a0skal st\u00f8tte\u00a0dig og hj\u00e6lpe dig videre.<\/p>\n<p>Som ny beboer f\u00e5r du i l\u00f8bet af de f\u00f8rste to uger en fast kontaktperson. Han eller hun f\u00f8lger din sag t\u00e6t under hele opholdet og s\u00f8rger for at inddrage andre medarbejdere, n\u00e5r der er behov for det. Sammen udarbejder I en <strong>opholds\u00adplan<\/strong>. Form\u00e5let med <strong>opholdsplanen<\/strong> er at afklare og koordinere, hvad der skal samarbejdes om under dit ophold.<\/p>\n<p>Kontaktpersonen hj\u00e6lper dig blandt andet med at finde frem til, hvilke \u00f8nsker\u00a0du\u00a0har for fremtiden og at kontakte relevante parter, der kan hj\u00e6lpe dig.<\/p>\n<p>Vi tilbyder ogs\u00e5, at du hos kommunen kan f\u00e5 udarbejdet en handleplan. Det er tit et godt grundlag for at vurdere, hvilke behov du har for st\u00f8tte fremover.<\/p>\n<p>Mange beboere har helbredsm\u00e6ssige problemer og s\u00f8ger r\u00e5d hos sygeplejersken, som kan hj\u00e6lpe med\u00a0diverse skader samt give r\u00e5d og vejledning om sundhed. Hun kan desuden vurdere, om der er brug for en indl\u00e6ggelse, hj\u00e6lpe dig med kontakten til egen l\u00e6ge og andre dele af sundhedsv\u00e6senet samt f\u00f8lge op p\u00e5 dette.<\/p>\n","protected":false},"excerpt":{"rendered":"<p>Din tid p\u00e5 L\u00e6rkeh\u00f8j skal gerne v\u00e6re en\u00a0god oplevelse, der giver dig ro i hverdagen. Derfor tilbyder vi mad, hygge og almindelig omsorg. Du kan ogs\u00e5 altid henvende dig med sm\u00e5 som store problemer.\u00a0Der er medarbejdere\u00a0i huset d\u00f8gnet rundt, som&hellip;<\/p>\n","protected":false},"author":3,"featured_media":0,"parent":324,"menu_order":5,"comment_status":"closed","ping_status":"closed","template":"","meta":{"footnotes":""},"class_list":["post-359","page","type-page","status-publish","hentry"],"_links":{"self":[{"href":"https:\/\/www.laerkehoej.dk\/index.php?rest_route=\/wp\/v2\/pages\/359","targetHints":{"allow":["GET"]}}],"collection":[{"href":"https:\/\/www.laerkehoej.dk\/index.php?rest_route=\/wp\/v2\/pages"}],"about":[{"href":"https:\/\/www.laerkehoej.dk\/index.php?rest_route=\/wp\/v2\/types\/page"}],"author":[{"embeddable":true,"href":"https:\/\/www.laerkehoej.dk\/index.php?rest_route=\/wp\/v2\/users\/3"}],"replies":[{"embeddable":true,"href":"https:\/\/www.laerkehoej.dk\/index.php?rest_route=%2Fwp%2Fv2%2Fcomments&post=359"}],"version-history":[{"count":6,"href":"https:\/\/www.laerkehoej.dk\/index.php?rest_route=\/wp\/v2\/pages\/359\/revisions"}],"predecessor-version":[{"id":1096,"href":"https:\/\/www.laerkehoej.dk\/index.php?rest_route=\/wp\/v2\/pages\/359\/revisions\/1096"}],"up":[{"embeddable":true,"href":"https:\/\/www.laerkehoej.dk\/index.php?rest_route=\/wp\/v2\/pages\/324"}],"wp:attachment":[{"href":"https:\/\/www.laerkehoej.dk\/index.php?rest_route=%2Fwp%2Fv2%2Fmedia&parent=359"}],"curies":[{"name":"wp","href":"https:\/\/api.w.org\/{rel}","templated":true}]}}