{"id":40,"date":"2015-07-11T11:33:17","date_gmt":"2015-07-11T09:33:17","guid":{"rendered":"http:\/\/laerkehoej.dk\/?page_id=40"},"modified":"2026-04-29T15:52:13","modified_gmt":"2026-04-29T13:52:13","slug":"personale","status":"publish","type":"page","link":"https:\/\/www.laerkehoej.dk\/?page_id=40","title":{"rendered":"Personale"},"content":{"rendered":"<div class=\"wpb-content-wrapper\">[vc_row full_width=&#8221;&#8221; parallax=&#8221;&#8221; parallax_image=&#8221;&#8221; visibility=&#8221;&#8221; css_animation=&#8221;&#8221; center_row=&#8221;&#8221; typography_style=&#8221;&#8221; column_spacing=&#8221;&#8221; tablet_fullwidth_cols=&#8221;&#8221; bg_style=&#8221;&#8221; parallax_mobile=&#8221;&#8221; parallax_style=&#8221;&#8221; parallax_direction=&#8221;&#8221; video_bg=&#8221;&#8221; video_bg_overlay=&#8221;&#8221; border_style=&#8221;&#8221;][vc_column width=&#8221;1\/1&#8243; style=&#8221;&#8221; visibility=&#8221;&#8221; css_animation=&#8221;&#8221; typo_style=&#8221;&#8221; drop_shadow=&#8221;&#8221; bg_style=&#8221;&#8221; border_style=&#8221;&#8221;][vc_column_text]L\u00e6rkeh\u00f8j har 23 medarbejdere og 13 vikarer.<\/p>\n<p>Ring til L\u00e6rkeh\u00f8j p\u00e5 38 32 32 00 eller send en sikker e-mail til <a href=\"mailto:sikkermail@laerkehoej.dk\" target=\"_blank\" rel=\"noopener noreferrer\">sikkermail@laerkehoej.dk<\/a><\/p>\n<p><strong>Alfred<\/strong>, p\u00e6dagog p\u00e5 Herberget, <a href=\"mailto:alfred@laerkehoej.dk\">alfred@laerkehoej.dk<\/a><br \/>\n<strong>Charlotte<\/strong>, administrativ medarbejder, <a href=\"mailto:charlotte@laerkehoej.dk\">charlotte@laerkehoej.dk<\/a><br \/>\n<strong>Eagle<\/strong>, Natvarmestuen, <a href=\"mailto:eagle@laerkehoej.dk\">eagle@laerkehoej.dk<\/a><br \/>\n<strong>Henrik<\/strong>, k\u00f8kkenet, 38 02 02 09 <a href=\"mailto:henrika@laerkehoej.dk\" target=\"_blank\" rel=\"noopener noreferrer\">henrika@laerkehoej.dk<\/a><br \/>\n<strong>Ida<\/strong>, p\u00e6dagog p\u00e5 Herberget,\u00a0<a href=\"mailto:lea@laerkehoej.dk\" target=\"_blank\" rel=\"noopener noreferrer\">ida@laerkehoej.dk<\/a><br \/>\n<strong>Jonas<\/strong>, Natvarmestuen,\u00a0<a href=\"mailto:lea@laerkehoej.dk\" target=\"_blank\" rel=\"noopener noreferrer\">jonas@laerkehoej.dk<\/a><br \/>\n<strong>Kasper<\/strong>, Carpe Diem, 26 11 15 09, <a href=\"mailto:solo@laerkehoej.dk\" target=\"_blank\" rel=\"noopener noreferrer\">kasper@laerkehoej.dk<\/a><br \/>\n<strong>Kenneth, <\/strong>Natvarmestuen, <a href=\"mailto:kenneth@laerkehoej.dk\">kenneth@laerkehoej.dk<\/a><br \/>\n<strong>Lea<\/strong>, p\u00e6dagog p\u00e5 Herberget, 38 32 32 00\u00a0<a href=\"mailto:lea@laerkehoej.dk\" target=\"_blank\" rel=\"noopener noreferrer\">lea@laerkehoej.dk<\/a><br \/>\n<strong>Maiken<\/strong>, k\u00f8kkenet, 38 32 32 09,\u00a0<a href=\"mailto:maikena@laerkehoej.dk\" target=\"_blank\" rel=\"noopener noreferrer\">maikena@laerkehoej.dk<\/a><br \/>\n<strong>Marie Louise<\/strong>, leder, 21 45 40 25, <a href=\"maried@laerkehoej.dk\">maried@laerkehoej.dk<\/a><br \/>\n<strong>Martin<\/strong>, p\u00e6dagog p\u00e5 Herberget, <a href=\"mailto:martins@laerkehoej.dk\" target=\"_blank\" rel=\"noopener noreferrer\">martins@laerkehoej.dk<\/a><br \/>\n<strong>Morten<\/strong>, Natvarmestuen, <a href=\"mailto:mortenk@laerkehoej.dk\" target=\"_blank\" rel=\"noopener noreferrer\">mortenk@laerkehoej.dk<\/a><br \/>\n<strong>Niels<\/strong>, Natvarmestuen,\u00a0<a href=\"mailto:niels@laerkehoej.dk\" target=\"_blank\" rel=\"noopener noreferrer\">niels@laerkehoej.dk<\/a><br \/>\n<strong>Nikolaj<\/strong>, p\u00e6dagog p\u00e5 Herberget, 91 88 31 10, <a href=\"mailto:nikolaj@laerkehoej.dk\" target=\"_blank\" rel=\"noopener noreferrer\">nikolaj@laerkehoej.dk<\/a><br \/>\n<strong>Peter<\/strong>, Carpe Diem, <a href=\"mailto:peterd@laerkehoej.dk\" target=\"_blank\" rel=\"noopener noreferrer\">peterd@laerkehoej.dk<\/a><strong><br \/>\nSolo<\/strong>, Carpe Diem,\u00a022 88 33 87,\u00a0 <a href=\"mailto:solo@laerkehoej.dk\" target=\"_blank\" rel=\"noopener noreferrer\">solo@laerkehoej.dk <\/a><br \/>\n<strong>Stina<\/strong>, Natvarmestuen, <a href=\"mailto:stina@laerkehoej.dk\">stina@laerkehoej.dk<\/a><br \/>\n<strong>S\u00f8ren<\/strong>, forstander, 40 15 20 45, <a href=\"mailto:romar@lindevangen.dk\" target=\"_blank\" rel=\"noopener noreferrer\">romar@lindevangen.dk<\/a><br \/>\n<strong>Tanja<\/strong>, socialr\u00e5dgiver, <a href=\"mailto:tanja@laerkehoej.dk\" target=\"_blank\" rel=\"noopener noreferrer\">tanja@laerkehoej.dk<\/a><br \/>\n<strong>Thomas<\/strong>, ejendomsfunktion\u00e6r, 29 99 84 61, <a href=\"mailto:thomas@laerkehoej.dk\">thomas@laerkehoej.dk<\/a><\/p>\n<\/div>","protected":false},"excerpt":{"rendered":"<p>[vc_row full_width=&#8221;&#8221; parallax=&#8221;&#8221; parallax_image=&#8221;&#8221; visibility=&#8221;&#8221; css_animation=&#8221;&#8221; center_row=&#8221;&#8221; typography_style=&#8221;&#8221; column_spacing=&#8221;&#8221; tablet_fullwidth_cols=&#8221;&#8221; bg_style=&#8221;&#8221; parallax_mobile=&#8221;&#8221; parallax_style=&#8221;&#8221; parallax_direction=&#8221;&#8221; video_bg=&#8221;&#8221; video_bg_overlay=&#8221;&#8221; border_style=&#8221;&#8221;][vc_column width=&#8221;1\/1&#8243; style=&#8221;&#8221; visibility=&#8221;&#8221; css_animation=&#8221;&#8221; typo_style=&#8221;&#8221; drop_shadow=&#8221;&#8221; bg_style=&#8221;&#8221; border_style=&#8221;&#8221;][vc_column_text]L\u00e6rkeh\u00f8j har 23 medarbejdere og 13 vikarer. Ring til L\u00e6rkeh\u00f8j p\u00e5 38 32 32 00 eller&hellip;<\/p>\n","protected":false},"author":12,"featured_media":0,"parent":8,"menu_order":3,"comment_status":"closed","ping_status":"closed","template":"","meta":{"footnotes":""},"class_list":["post-40","page","type-page","status-publish","hentry"],"_links":{"self":[{"href":"https:\/\/www.laerkehoej.dk\/index.php?rest_route=\/wp\/v2\/pages\/40","targetHints":{"allow":["GET"]}}],"collection":[{"href":"https:\/\/www.laerkehoej.dk\/index.php?rest_route=\/wp\/v2\/pages"}],"about":[{"href":"https:\/\/www.laerkehoej.dk\/index.php?rest_route=\/wp\/v2\/types\/page"}],"author":[{"embeddable":true,"href":"https:\/\/www.laerkehoej.dk\/index.php?rest_route=\/wp\/v2\/users\/12"}],"replies":[{"embeddable":true,"href":"https:\/\/www.laerkehoej.dk\/index.php?rest_route=%2Fwp%2Fv2%2Fcomments&post=40"}],"version-history":[{"count":77,"href":"https:\/\/www.laerkehoej.dk\/index.php?rest_route=\/wp\/v2\/pages\/40\/revisions"}],"predecessor-version":[{"id":1148,"href":"https:\/\/www.laerkehoej.dk\/index.php?rest_route=\/wp\/v2\/pages\/40\/revisions\/1148"}],"up":[{"embeddable":true,"href":"https:\/\/www.laerkehoej.dk\/index.php?rest_route=\/wp\/v2\/pages\/8"}],"wp:attachment":[{"href":"https:\/\/www.laerkehoej.dk\/index.php?rest_route=%2Fwp%2Fv2%2Fmedia&parent=40"}],"curies":[{"name":"wp","href":"https:\/\/api.w.org\/{rel}","templated":true}]}}