{"id":424,"date":"2015-07-27T15:03:53","date_gmt":"2015-07-27T13:03:53","guid":{"rendered":"http:\/\/laerkehoej.dk\/?page_id=424"},"modified":"2024-03-21T12:33:15","modified_gmt":"2024-03-21T11:33:15","slug":"husregler","status":"publish","type":"page","link":"https:\/\/www.laerkehoej.dk\/?page_id=424","title":{"rendered":"Husregler og praktiske oplysninger"},"content":{"rendered":"<div style=\"position: absolute; top: -19999px; left: -19999px;\">\n<\/div>\n<p><strong>Husregler <\/strong><\/p>\n<p>Dansk lovgivning g\u00e6lder selvf\u00f8lgelig ogs\u00e5 p\u00e5 L\u00e6rkeh\u00f8j. Derfor accepterer vi ikke:<\/p>\n<ul>\n<li><u>vold eller trusler om vold<\/u><\/li>\n<li><u>handel med stoffer eller h\u00e6lervarer<\/u><\/li>\n<li><u>effekter, der kan bruges som v\u00e5ben <\/u><\/li>\n<li><u>prostitution<\/u><\/li>\n<\/ul>\n<p>Herudover er der f\u00f8lgende retningslinjer:<\/p>\n<ul>\n<li>Det er forbudt at indtage alkohol eller euforiserende stoffer p\u00e5 f\u00e6llesarealerne \u2013\u00a0ogs\u00e5 udend\u00f8rs.<\/li>\n<li>Man skal tage hensyn til andre beboere, medarbejdere og naboer. Det indeb\u00e6rer ogs\u00e5, at man rydder op efter sig p\u00e5 f\u00e6llesarealer og <u>holder ro om natten<\/u>.<\/li>\n<li>Hvis man ud\u00f8ver h\u00e6rv\u00e6rk p\u00e5 herbergets lokaler eller inventar, stilles man \u00f8konomisk til ansvar for det.<\/li>\n<li>G\u00e6ster har kun adgang i huset efter aftale med en medarbejder.<\/li>\n<li>Ingen overnattende g\u00e6ster.<\/li>\n<\/ul>\n<p>Hvis man ikke overholder disse regler, kan man enten f\u00e5 karant\u00e6ne fra herberget eller en s\u00e5kaldt luftetur. Det vil sige, at man bliver bedt om at forlade stedet og komme tilbage til en samtale dagen efter.<\/p>\n<p><a href=\"https:\/\/www.laerkehoej.dk\/wp-content\/uploads\/2018\/04\/Praktiske-oplysninger-om-L\u00e6rkeh\u00f8j.pdf\">Praktiske oplysninger om L\u00e6rkeh\u00f8j<\/a><a href=\"http:\/\/laerkehoej.dk\/wp-content\/uploads\/2015\/08\/Praktiske-oplysninger-om-L\u00e6rkeh\u00f8j.pdf\" target=\"_blank\" rel=\"noopener\">.<\/a><\/p>\n","protected":false},"excerpt":{"rendered":"<p>Husregler Dansk lovgivning g\u00e6lder selvf\u00f8lgelig ogs\u00e5 p\u00e5 L\u00e6rkeh\u00f8j. Derfor accepterer vi ikke: vold eller trusler om vold handel med stoffer eller h\u00e6lervarer effekter, der kan bruges som v\u00e5ben prostitution Herudover er der f\u00f8lgende retningslinjer: Det er forbudt at indtage alkohol&hellip;<\/p>\n","protected":false},"author":3,"featured_media":0,"parent":324,"menu_order":4,"comment_status":"closed","ping_status":"closed","template":"","meta":{"footnotes":""},"class_list":["post-424","page","type-page","status-publish","hentry"],"_links":{"self":[{"href":"https:\/\/www.laerkehoej.dk\/index.php?rest_route=\/wp\/v2\/pages\/424","targetHints":{"allow":["GET"]}}],"collection":[{"href":"https:\/\/www.laerkehoej.dk\/index.php?rest_route=\/wp\/v2\/pages"}],"about":[{"href":"https:\/\/www.laerkehoej.dk\/index.php?rest_route=\/wp\/v2\/types\/page"}],"author":[{"embeddable":true,"href":"https:\/\/www.laerkehoej.dk\/index.php?rest_route=\/wp\/v2\/users\/3"}],"replies":[{"embeddable":true,"href":"https:\/\/www.laerkehoej.dk\/index.php?rest_route=%2Fwp%2Fv2%2Fcomments&post=424"}],"version-history":[{"count":11,"href":"https:\/\/www.laerkehoej.dk\/index.php?rest_route=\/wp\/v2\/pages\/424\/revisions"}],"predecessor-version":[{"id":1097,"href":"https:\/\/www.laerkehoej.dk\/index.php?rest_route=\/wp\/v2\/pages\/424\/revisions\/1097"}],"up":[{"embeddable":true,"href":"https:\/\/www.laerkehoej.dk\/index.php?rest_route=\/wp\/v2\/pages\/324"}],"wp:attachment":[{"href":"https:\/\/www.laerkehoej.dk\/index.php?rest_route=%2Fwp%2Fv2%2Fmedia&parent=424"}],"curies":[{"name":"wp","href":"https:\/\/api.w.org\/{rel}","templated":true}]}}