{"id":445,"date":"2015-07-04T11:21:57","date_gmt":"2015-07-04T09:21:57","guid":{"rendered":"http:\/\/laerkehoej.dk\/?page_id=445"},"modified":"2026-04-07T15:11:44","modified_gmt":"2026-04-07T13:11:44","slug":"ledige-stillinger","status":"publish","type":"page","link":"https:\/\/www.laerkehoej.dk\/?page_id=445","title":{"rendered":"Ledige stillinger"},"content":{"rendered":"<p><strong>Alle ledige stillinger p\u00e5 herberget L\u00e6rkeh\u00f8j bliver publiceret her:<\/strong><\/p>\n<p>Vi har pt. ingen ledige stillinger \u2013 se nedenfor.<\/p>\n<p>&nbsp;<\/p>\n<p><strong>Har vi ikke sl\u00e5et den rigtige stilling op til dig, er du velkommen til at s\u00f8ge uopfordret \u2013 tryk p\u00e5 linket nedenfor:<\/strong><\/p>\n<p><a href=\"https:\/\/candidate.hr-manager.net\/ApplicationForm\/SinglePageApplicationForm.aspx?cid=1862&amp;departmentId=18981&amp;ProjectId=143578&amp;MediaId=5\">Uopfordret ans\u00f8gning<\/a><\/p>\n","protected":false},"excerpt":{"rendered":"<p>Alle ledige stillinger p\u00e5 herberget L\u00e6rkeh\u00f8j bliver publiceret her: Vi har pt. ingen ledige stillinger \u2013 se nedenfor. &nbsp; Har vi ikke sl\u00e5et den rigtige stilling op til dig, er du velkommen til at s\u00f8ge uopfordret \u2013 tryk p\u00e5 linket&hellip;<\/p>\n","protected":false},"author":3,"featured_media":0,"parent":8,"menu_order":5,"comment_status":"closed","ping_status":"closed","template":"","meta":{"footnotes":""},"class_list":["post-445","page","type-page","status-publish","hentry"],"_links":{"self":[{"href":"https:\/\/www.laerkehoej.dk\/index.php?rest_route=\/wp\/v2\/pages\/445","targetHints":{"allow":["GET"]}}],"collection":[{"href":"https:\/\/www.laerkehoej.dk\/index.php?rest_route=\/wp\/v2\/pages"}],"about":[{"href":"https:\/\/www.laerkehoej.dk\/index.php?rest_route=\/wp\/v2\/types\/page"}],"author":[{"embeddable":true,"href":"https:\/\/www.laerkehoej.dk\/index.php?rest_route=\/wp\/v2\/users\/3"}],"replies":[{"embeddable":true,"href":"https:\/\/www.laerkehoej.dk\/index.php?rest_route=%2Fwp%2Fv2%2Fcomments&post=445"}],"version-history":[{"count":86,"href":"https:\/\/www.laerkehoej.dk\/index.php?rest_route=\/wp\/v2\/pages\/445\/revisions"}],"predecessor-version":[{"id":1145,"href":"https:\/\/www.laerkehoej.dk\/index.php?rest_route=\/wp\/v2\/pages\/445\/revisions\/1145"}],"up":[{"embeddable":true,"href":"https:\/\/www.laerkehoej.dk\/index.php?rest_route=\/wp\/v2\/pages\/8"}],"wp:attachment":[{"href":"https:\/\/www.laerkehoej.dk\/index.php?rest_route=%2Fwp%2Fv2%2Fmedia&parent=445"}],"curies":[{"name":"wp","href":"https:\/\/api.w.org\/{rel}","templated":true}]}}