{"id":753,"date":"2017-12-08T12:12:12","date_gmt":"2017-12-08T11:12:12","guid":{"rendered":"http:\/\/www.laerkehoej.dk\/?page_id=753"},"modified":"2026-03-03T13:38:44","modified_gmt":"2026-03-03T12:38:44","slug":"statistik-og-rapporter","status":"publish","type":"page","link":"https:\/\/www.laerkehoej.dk\/?page_id=753","title":{"rendered":"Statistik og rapporter"},"content":{"rendered":"<h1>Tilsynsrapporter<\/h1>\n<p><a href=\"https:\/\/www.laerkehoej.dk\/wp-content\/uploads\/2025\/05\/Tilsynsrapport-08-04-2025-Laerkehoej-rapport.pdf\">Tilsynsrapport 2025<\/a><\/p>\n<p><a href=\"https:\/\/www.laerkehoej.dk\/wp-content\/uploads\/2025\/05\/Tilsynsrapport-20.11.2024-Laerkehoej-rapport.pdf\">Tilsynsrapport 2024<\/a><\/p>\n<p><a href=\"https:\/\/www.laerkehoej.dk\/wp-content\/uploads\/2024\/02\/Tilsynsrapport-30.06.2023-Laerkehoej-rapport.pdf.pdf\">Tilsynsrapport 2023<\/a><\/p>\n<p><a href=\"https:\/\/www.laerkehoej.dk\/wp-content\/uploads\/2022\/12\/Tilsynsrapport-LH-09-09-2022.pdf\">Tilsynsrapport 2022<\/a><\/p>\n<h1>\u00c5rsstatistik<\/h1>\n<p><a href=\"https:\/\/www.laerkehoej.dk\/wp-content\/uploads\/2026\/03\/Aarsstatistik_Laerkehoej_2025.pdf\">\u00c5rsstatistik 2025<\/a><\/p>\n<p><a href=\"https:\/\/www.laerkehoej.dk\/wp-content\/uploads\/2025\/05\/Aarsstatistik-2024-Laerkehoej.pdf\">\u00c5rsstatistik 2024<\/a><\/p>\n<p><a href=\"https:\/\/www.laerkehoej.dk\/wp-content\/uploads\/2024\/02\/Statistik-2023-Laerkehoej.pdf\">\u00c5rsstatistik 2023<\/a><\/p>\n<p><a href=\"https:\/\/www.laerkehoej.dk\/wp-content\/uploads\/2023\/03\/Laerkehoej-Statistik-2022.pdf\">\u00c5rsstatistik 2022<\/a><\/p>\n","protected":false},"excerpt":{"rendered":"<p>Tilsynsrapporter Tilsynsrapport 2025 Tilsynsrapport 2024 Tilsynsrapport 2023 Tilsynsrapport 2022 \u00c5rsstatistik \u00c5rsstatistik 2025 \u00c5rsstatistik 2024 \u00c5rsstatistik 2023 \u00c5rsstatistik 2022<\/p>\n","protected":false},"author":12,"featured_media":0,"parent":8,"menu_order":5,"comment_status":"closed","ping_status":"closed","template":"","meta":{"footnotes":""},"class_list":["post-753","page","type-page","status-publish","hentry"],"_links":{"self":[{"href":"https:\/\/www.laerkehoej.dk\/index.php?rest_route=\/wp\/v2\/pages\/753","targetHints":{"allow":["GET"]}}],"collection":[{"href":"https:\/\/www.laerkehoej.dk\/index.php?rest_route=\/wp\/v2\/pages"}],"about":[{"href":"https:\/\/www.laerkehoej.dk\/index.php?rest_route=\/wp\/v2\/types\/page"}],"author":[{"embeddable":true,"href":"https:\/\/www.laerkehoej.dk\/index.php?rest_route=\/wp\/v2\/users\/12"}],"replies":[{"embeddable":true,"href":"https:\/\/www.laerkehoej.dk\/index.php?rest_route=%2Fwp%2Fv2%2Fcomments&post=753"}],"version-history":[{"count":26,"href":"https:\/\/www.laerkehoej.dk\/index.php?rest_route=\/wp\/v2\/pages\/753\/revisions"}],"predecessor-version":[{"id":1142,"href":"https:\/\/www.laerkehoej.dk\/index.php?rest_route=\/wp\/v2\/pages\/753\/revisions\/1142"}],"up":[{"embeddable":true,"href":"https:\/\/www.laerkehoej.dk\/index.php?rest_route=\/wp\/v2\/pages\/8"}],"wp:attachment":[{"href":"https:\/\/www.laerkehoej.dk\/index.php?rest_route=%2Fwp%2Fv2%2Fmedia&parent=753"}],"curies":[{"name":"wp","href":"https:\/\/api.w.org\/{rel}","templated":true}]}}