{"id":8,"date":"2015-07-30T11:53:18","date_gmt":"2015-07-30T09:53:18","guid":{"rendered":"http:\/\/laerkehoej.dk\/?page_id=8"},"modified":"2024-03-21T12:10:35","modified_gmt":"2024-03-21T11:10:35","slug":"om-os","status":"publish","type":"page","link":"https:\/\/www.laerkehoej.dk\/?page_id=8","title":{"rendered":"Om os"},"content":{"rendered":"<div class=\"wpb-content-wrapper\">[vc_row full_width=&#8221;&#8221; parallax=&#8221;&#8221; parallax_image=&#8221;&#8221; visibility=&#8221;&#8221; css_animation=&#8221;&#8221; center_row=&#8221;&#8221; typography_style=&#8221;&#8221; column_spacing=&#8221;&#8221; tablet_fullwidth_cols=&#8221;&#8221; bg_style=&#8221;&#8221; parallax_mobile=&#8221;&#8221; parallax_style=&#8221;&#8221; parallax_direction=&#8221;&#8221; video_bg=&#8221;&#8221; video_bg_overlay=&#8221;&#8221; border_style=&#8221;&#8221;][vc_column width=&#8221;1\/1&#8243; style=&#8221;&#8221; visibility=&#8221;&#8221; css_animation=&#8221;&#8221; typo_style=&#8221;&#8221; drop_shadow=&#8221;&#8221; bg_style=&#8221;&#8221; border_style=&#8221;&#8221;][vc_column_text]<a href=\"https:\/\/laerkehoej.dk\/wp-content\/uploads\/2015\/08\/L\u00e6rkeh\u00f8j.jpg\"><img loading=\"lazy\" decoding=\"async\" class=\"alignnone wp-image-410 size-full\" src=\"https:\/\/laerkehoej.dk\/wp-content\/uploads\/2015\/08\/L\u00e6rkeh\u00f8j.jpg\" alt=\"L\u00e6rkeh\u00f8j\" width=\"1200\" height=\"500\" srcset=\"https:\/\/www.laerkehoej.dk\/wp-content\/uploads\/2015\/08\/L\u00e6rkeh\u00f8j.jpg 1200w, https:\/\/www.laerkehoej.dk\/wp-content\/uploads\/2015\/08\/L\u00e6rkeh\u00f8j-300x125.jpg 300w, https:\/\/www.laerkehoej.dk\/wp-content\/uploads\/2015\/08\/L\u00e6rkeh\u00f8j-1024x427.jpg 1024w\" sizes=\"auto, (max-width: 1200px) 100vw, 1200px\" \/><\/a><\/p>\n<p>Herberget L\u00e6rkeh\u00f8j er et midlertidigt botilbud for hjeml\u00f8se. Herberget drives efter Servicelovens \u00a7110 og har driftsoverenskomst med Frederiksberg Kommune.<\/p>\n<p>Vi arbejder ud fra, at ethvert menneske er unikt. Derfor vil vi skabe rum for forskellige liv med respekt for individuelle behov samt styrke den enkeltes muligheder og kompetencer gennem samarbejde og gode relationer.<\/p>\n<p>P\u00e5 L\u00e6rkeh\u00f8j arbejder 22 faste medarbejdere og 13 vikarer.<\/p>\n<p>L\u00e6rkeh\u00f8j er en del af <a href=\"https:\/\/herfred.dk\/\" target=\"_blank\" rel=\"noopener\">Herbergerne p\u00e5 Frederiksberg<\/a>, hvor S\u00f8ren Romar er forstander.<\/p>\n<\/div>","protected":false},"excerpt":{"rendered":"<p>[vc_row full_width=&#8221;&#8221; parallax=&#8221;&#8221; parallax_image=&#8221;&#8221; visibility=&#8221;&#8221; css_animation=&#8221;&#8221; center_row=&#8221;&#8221; typography_style=&#8221;&#8221; column_spacing=&#8221;&#8221; tablet_fullwidth_cols=&#8221;&#8221; bg_style=&#8221;&#8221; parallax_mobile=&#8221;&#8221; parallax_style=&#8221;&#8221; parallax_direction=&#8221;&#8221; video_bg=&#8221;&#8221; video_bg_overlay=&#8221;&#8221; border_style=&#8221;&#8221;][vc_column width=&#8221;1\/1&#8243; style=&#8221;&#8221; visibility=&#8221;&#8221; css_animation=&#8221;&#8221; typo_style=&#8221;&#8221; drop_shadow=&#8221;&#8221; bg_style=&#8221;&#8221; border_style=&#8221;&#8221;][vc_column_text] Herberget L\u00e6rkeh\u00f8j er et midlertidigt botilbud for hjeml\u00f8se. Herberget drives efter Servicelovens \u00a7110 og har&hellip;<\/p>\n","protected":false},"author":12,"featured_media":0,"parent":0,"menu_order":0,"comment_status":"closed","ping_status":"closed","template":"","meta":{"footnotes":""},"class_list":["post-8","page","type-page","status-publish","hentry"],"_links":{"self":[{"href":"https:\/\/www.laerkehoej.dk\/index.php?rest_route=\/wp\/v2\/pages\/8","targetHints":{"allow":["GET"]}}],"collection":[{"href":"https:\/\/www.laerkehoej.dk\/index.php?rest_route=\/wp\/v2\/pages"}],"about":[{"href":"https:\/\/www.laerkehoej.dk\/index.php?rest_route=\/wp\/v2\/types\/page"}],"author":[{"embeddable":true,"href":"https:\/\/www.laerkehoej.dk\/index.php?rest_route=\/wp\/v2\/users\/12"}],"replies":[{"embeddable":true,"href":"https:\/\/www.laerkehoej.dk\/index.php?rest_route=%2Fwp%2Fv2%2Fcomments&post=8"}],"version-history":[{"count":43,"href":"https:\/\/www.laerkehoej.dk\/index.php?rest_route=\/wp\/v2\/pages\/8\/revisions"}],"predecessor-version":[{"id":1089,"href":"https:\/\/www.laerkehoej.dk\/index.php?rest_route=\/wp\/v2\/pages\/8\/revisions\/1089"}],"wp:attachment":[{"href":"https:\/\/www.laerkehoej.dk\/index.php?rest_route=%2Fwp%2Fv2%2Fmedia&parent=8"}],"curies":[{"name":"wp","href":"https:\/\/api.w.org\/{rel}","templated":true}]}}